{"id":409,"date":"2025-04-21T19:24:31","date_gmt":"2025-04-21T19:24:31","guid":{"rendered":"https:\/\/nordikfloor.com\/?page_id=409"},"modified":"2025-04-21T19:46:04","modified_gmt":"2025-04-21T19:46:04","slug":"renovacion","status":"publish","type":"page","link":"https:\/\/nordikfloor.com\/index.php\/renovacion\/","title":{"rendered":"Renovaci\u00f3n"},"content":{"rendered":"\t\t<div data-elementor-type=\"wp-page\" data-elementor-id=\"409\" class=\"elementor elementor-409\" data-elementor-post-type=\"page\">\n\t\t\t\t<div class=\"elementor-element elementor-element-5b7e952 e-flex e-con-boxed e-con e-parent\" data-id=\"5b7e952\" data-element_type=\"container\" data-settings=\"{&quot;background_background&quot;:&quot;classic&quot;}\">\n\t\t\t\t\t<div class=\"e-con-inner\">\n\t\t\t\t\t<\/div>\n\t\t\t\t<\/div>\n\t\t<div class=\"elementor-element elementor-element-e43341c e-con-full e-flex e-con e-parent\" data-id=\"e43341c\" data-element_type=\"container\">\n\t\t<div class=\"elementor-element elementor-element-e7597d6 e-con-full e-flex e-con e-child\" data-id=\"e7597d6\" data-element_type=\"container\">\n\t\t\t\t<div class=\"elementor-element elementor-element-3690de5 elementor-widget elementor-widget-image\" data-id=\"3690de5\" data-element_type=\"widget\" data-widget_type=\"image.default\">\n\t\t\t\t<div class=\"elementor-widget-container\">\n\t\t\t\t\t\t\t\t\t\t\t\t\t<img fetchpriority=\"high\" decoding=\"async\" width=\"800\" height=\"250\" src=\"https:\/\/nordikfloor.com\/wp-content\/uploads\/2024\/10\/logo-negro-nordik-2-1024x320.png\" class=\"attachment-large size-large wp-image-62\" alt=\"\" srcset=\"https:\/\/nordikfloor.com\/wp-content\/uploads\/2024\/10\/logo-negro-nordik-2-1024x320.png 1024w, https:\/\/nordikfloor.com\/wp-content\/uploads\/2024\/10\/logo-negro-nordik-2-300x94.png 300w, https:\/\/nordikfloor.com\/wp-content\/uploads\/2024\/10\/logo-negro-nordik-2-768x240.png 768w, https:\/\/nordikfloor.com\/wp-content\/uploads\/2024\/10\/logo-negro-nordik-2-1536x480.png 1536w, https:\/\/nordikfloor.com\/wp-content\/uploads\/2024\/10\/logo-negro-nordik-2.png 1763w\" sizes=\"(max-width: 800px) 100vw, 800px\" \/>\t\t\t\t\t\t\t\t\t\t\t\t\t<\/div>\n\t\t\t\t<\/div>\n\t\t\t\t<\/div>\n\t\t<div class=\"elementor-element elementor-element-8f1aaeb e-con-full e-flex e-con e-child\" data-id=\"8f1aaeb\" data-element_type=\"container\">\n\t\t\t\t<div class=\"elementor-element elementor-element-3c257d0 elementor-align-right elementor-widget elementor-widget-button\" data-id=\"3c257d0\" data-element_type=\"widget\" data-widget_type=\"button.default\">\n\t\t\t\t<div class=\"elementor-widget-container\">\n\t\t\t\t\t<div class=\"elementor-button-wrapper\">\n\t\t\t<a class=\"elementor-button elementor-button-link elementor-size-sm\" href=\"tel:659890186\">\n\t\t\t\t\t\t<span class=\"elementor-button-content-wrapper\">\n\t\t\t\t\t\t\t\t\t<span class=\"elementor-button-text\">LLamar<\/span>\n\t\t\t\t\t<\/span>\n\t\t\t\t\t<\/a>\n\t\t<\/div>\n\t\t\t\t<\/div>\n\t\t\t\t<\/div>\n\t\t\t\t<\/div>\n\t\t\t\t<\/div>\n\t\t<div class=\"elementor-element elementor-element-4debd32 e-flex e-con-boxed e-con e-parent\" data-id=\"4debd32\" data-element_type=\"container\">\n\t\t\t\t\t<div class=\"e-con-inner\">\n\t\t<div class=\"elementor-element elementor-element-b1fb22e e-con-full e-flex e-con e-child\" data-id=\"b1fb22e\" data-element_type=\"container\">\n\t\t\t\t<div class=\"elementor-element elementor-element-ced7546 elementor-widget elementor-widget-elementskit-heading\" data-id=\"ced7546\" data-element_type=\"widget\" data-widget_type=\"elementskit-heading.default\">\n\t\t\t\t<div class=\"elementor-widget-container\">\n\t\t\t<div class=\"ekit-wid-con\" ><div class=\"ekit-heading elementskit-section-title-wraper text_center   ekit_heading_tablet-   ekit_heading_mobile-text_center\"><h2 class=\"ekit-heading--title elementskit-section-title \">Renovaci\u00f3n y Restauraci\u00f3n de Parquet<\/h2><h3 class=\"ekit-heading--subtitle elementskit-section-subtitle  \">\n\t\t\t\t\t\tTransforma tu espacio con elegancia natural\n\t\t\t\t\t<\/h3><div class=\"ekit_heading_separetor_wraper ekit_heading_elementskit-border-divider elementskit-style-long\"><div class=\"elementskit-border-divider elementskit-style-long\"><\/div><\/div><\/div><\/div>\t\t<\/div>\n\t\t\t\t<\/div>\n\t\t<div class=\"elementor-element elementor-element-d875234 e-con-full e-flex e-con e-child\" data-id=\"d875234\" data-element_type=\"container\" data-settings=\"{&quot;background_background&quot;:&quot;classic&quot;}\">\n\t\t\t\t<\/div>\n\t\t<div class=\"elementor-element elementor-element-7cd85da e-con-full e-flex e-con e-child\" data-id=\"7cd85da\" data-element_type=\"container\">\n\t\t\t\t<div class=\"elementor-element elementor-element-b85bab6 elementor-widget elementor-widget-text-editor\" data-id=\"b85bab6\" data-element_type=\"widget\" data-widget_type=\"text-editor.default\">\n\t\t\t\t<div class=\"elementor-widget-container\">\n\t\t\t\t\t\t\t<p>\u00bfTu suelo de madera ha perdido el brillo original? En Nordik Floor ofrecemos un servicio profesional de renovaci\u00f3n y restauraci\u00f3n de parquet, devolvi\u00e9ndole toda su belleza y resistencia.<\/p><p>Utilizamos t\u00e9cnicas de lijado sin polvo, aceites y barnices de \u00faltima generaci\u00f3n y maquinaria de alta precisi\u00f3n para restaurar la superficie sin da\u00f1ar la madera.<\/p><p class=\"\" data-start=\"1475\" data-end=\"1601\">Reparamos, pulimos y protegemos para que tu suelo luzca como el primer d\u00eda, alargando su vida \u00fatil y revalorizando el espacio.<\/p><p class=\"\" data-start=\"1621\" data-end=\"1718\">Recupera la elegancia original de tu suelo con nuestro servicio experto de renovaci\u00f3n de parquet.<\/p>\t\t\t\t\t\t<\/div>\n\t\t\t\t<\/div>\n\t\t\t\t<\/div>\n\t\t\t\t<\/div>\n\t\t\t\t\t<\/div>\n\t\t\t\t<\/div>\n\t\t<div class=\"elementor-element elementor-element-09ab31d e-flex e-con-boxed e-con e-parent\" data-id=\"09ab31d\" data-element_type=\"container\" data-settings=\"{&quot;background_background&quot;:&quot;classic&quot;}\">\n\t\t\t\t\t<div class=\"e-con-inner\">\n\t\t<div class=\"elementor-element elementor-element-a4df08b e-con-full e-flex e-con e-child\" data-id=\"a4df08b\" data-element_type=\"container\">\n\t\t\t\t<div class=\"elementor-element elementor-element-9daf846 elementor-widget elementor-widget-elementskit-heading\" data-id=\"9daf846\" data-element_type=\"widget\" data-widget_type=\"elementskit-heading.default\">\n\t\t\t\t<div class=\"elementor-widget-container\">\n\t\t\t<div class=\"ekit-wid-con\" ><div class=\"ekit-heading elementskit-section-title-wraper center   ekit_heading_tablet-   ekit_heading_mobile-\"><h3 class=\"elementskit-section-subtitle  \">\n\t\t\t\t\t\tPide presupuesto sin compromiso\n\t\t\t\t\t<\/h3><h2 class=\"ekit-heading--title elementskit-section-title \">Recupera la belleza de tu suelo<\/h2><\/div><\/div>\t\t<\/div>\n\t\t\t\t<\/div>\n\t\t\t\t<div class=\"elementor-element elementor-element-1532725 elementor-widget elementor-widget-elementskit-button\" data-id=\"1532725\" data-element_type=\"widget\" data-widget_type=\"elementskit-button.default\">\n\t\t\t\t<div class=\"elementor-widget-container\">\n\t\t\t<div class=\"ekit-wid-con\" >\t\t<div class=\"ekit-btn-wraper\">\n\t\t\t\t\t\t\t<a href=\"mailto:info@nordikfloor.com\" class=\"elementskit-btn  whitespace--normal\" id=\"\">\n\t\t\t\t\tContacta\t\t\t\t<\/a>\n\t\t\t\t\t<\/div>\n        <\/div>\t\t<\/div>\n\t\t\t\t<\/div>\n\t\t\t\t<\/div>\n\t\t\t\t\t<\/div>\n\t\t\t\t<\/div>\n\t\t\t\t<\/div>\n\t\t","protected":false},"excerpt":{"rendered":"<p>LLamar Renovaci\u00f3n y Restauraci\u00f3n de Parquet Transforma tu espacio con elegancia natural \u00bfTu suelo de madera ha perdido el brillo original? En Nordik Floor ofrecemos un servicio profesional de renovaci\u00f3n y restauraci\u00f3n de parquet, devolvi\u00e9ndole toda su belleza y resistencia. Utilizamos t\u00e9cnicas de lijado sin polvo, aceites y barnices de \u00faltima generaci\u00f3n y maquinaria de [&hellip;]<\/p>\n","protected":false},"author":2,"featured_media":0,"parent":0,"menu_order":0,"comment_status":"closed","ping_status":"closed","template":"","meta":{"_joinchat":[],"footnotes":""},"class_list":["post-409","page","type-page","status-publish","hentry"],"_links":{"self":[{"href":"https:\/\/nordikfloor.com\/index.php\/wp-json\/wp\/v2\/pages\/409","targetHints":{"allow":["GET"]}}],"collection":[{"href":"https:\/\/nordikfloor.com\/index.php\/wp-json\/wp\/v2\/pages"}],"about":[{"href":"https:\/\/nordikfloor.com\/index.php\/wp-json\/wp\/v2\/types\/page"}],"author":[{"embeddable":true,"href":"https:\/\/nordikfloor.com\/index.php\/wp-json\/wp\/v2\/users\/2"}],"replies":[{"embeddable":true,"href":"https:\/\/nordikfloor.com\/index.php\/wp-json\/wp\/v2\/comments?post=409"}],"version-history":[{"count":22,"href":"https:\/\/nordikfloor.com\/index.php\/wp-json\/wp\/v2\/pages\/409\/revisions"}],"predecessor-version":[{"id":452,"href":"https:\/\/nordikfloor.com\/index.php\/wp-json\/wp\/v2\/pages\/409\/revisions\/452"}],"wp:attachment":[{"href":"https:\/\/nordikfloor.com\/index.php\/wp-json\/wp\/v2\/media?parent=409"}],"curies":[{"name":"wp","href":"https:\/\/api.w.org\/{rel}","templated":true}]}}