{"id":80,"date":"2024-11-05T12:47:58","date_gmt":"2024-11-05T12:47:58","guid":{"rendered":"https:\/\/nordikfloor.com\/?page_id=80"},"modified":"2025-04-21T19:43:40","modified_gmt":"2025-04-21T19:43:40","slug":"inicio","status":"publish","type":"page","link":"https:\/\/nordikfloor.com\/","title":{"rendered":"Inicio"},"content":{"rendered":"\t\t<div data-elementor-type=\"wp-page\" data-elementor-id=\"80\" class=\"elementor elementor-80\" data-elementor-post-type=\"page\">\n\t\t\t\t<div class=\"elementor-element elementor-element-555549a e-flex e-con-boxed e-con e-parent\" data-id=\"555549a\" data-element_type=\"container\" id=\"xs_cta_style_4\" data-settings=\"{&quot;background_background&quot;:&quot;classic&quot;}\">\n\t\t\t\t\t<div class=\"e-con-inner\">\n\t\t\t\t\t<\/div>\n\t\t\t\t<\/div>\n\t\t<div class=\"elementor-element elementor-element-fbdb178 e-con-full e-flex e-con e-parent\" data-id=\"fbdb178\" data-element_type=\"container\">\n\t\t<div class=\"elementor-element elementor-element-bc78110 e-con-full e-flex e-con e-child\" data-id=\"bc78110\" data-element_type=\"container\">\n\t\t\t\t<div class=\"elementor-element elementor-element-c2a02ba elementor-widget elementor-widget-image\" data-id=\"c2a02ba\" data-element_type=\"widget\" data-widget_type=\"image.default\">\n\t\t\t\t<div class=\"elementor-widget-container\">\n\t\t\t\t\t\t\t\t\t\t\t\t\t<img fetchpriority=\"high\" decoding=\"async\" width=\"800\" height=\"250\" src=\"https:\/\/nordikfloor.com\/wp-content\/uploads\/2024\/10\/logo-negro-nordik-2-1024x320.png\" class=\"attachment-large size-large wp-image-62\" alt=\"\" srcset=\"https:\/\/nordikfloor.com\/wp-content\/uploads\/2024\/10\/logo-negro-nordik-2-1024x320.png 1024w, https:\/\/nordikfloor.com\/wp-content\/uploads\/2024\/10\/logo-negro-nordik-2-300x94.png 300w, https:\/\/nordikfloor.com\/wp-content\/uploads\/2024\/10\/logo-negro-nordik-2-768x240.png 768w, https:\/\/nordikfloor.com\/wp-content\/uploads\/2024\/10\/logo-negro-nordik-2-1536x480.png 1536w, https:\/\/nordikfloor.com\/wp-content\/uploads\/2024\/10\/logo-negro-nordik-2.png 1763w\" sizes=\"(max-width: 800px) 100vw, 800px\" \/>\t\t\t\t\t\t\t\t\t\t\t\t\t<\/div>\n\t\t\t\t<\/div>\n\t\t\t\t<\/div>\n\t\t<div class=\"elementor-element elementor-element-16aa0ca e-con-full e-flex e-con e-child\" data-id=\"16aa0ca\" data-element_type=\"container\">\n\t\t\t\t<div class=\"elementor-element elementor-element-80fb87a elementor-align-right elementor-widget elementor-widget-button\" data-id=\"80fb87a\" data-element_type=\"widget\" data-widget_type=\"button.default\">\n\t\t\t\t<div class=\"elementor-widget-container\">\n\t\t\t\t\t<div class=\"elementor-button-wrapper\">\n\t\t\t<a class=\"elementor-button elementor-button-link elementor-size-sm\" href=\"tel:659890186\">\n\t\t\t\t\t\t<span class=\"elementor-button-content-wrapper\">\n\t\t\t\t\t\t\t\t\t<span class=\"elementor-button-text\">LLamar<\/span>\n\t\t\t\t\t<\/span>\n\t\t\t\t\t<\/a>\n\t\t<\/div>\n\t\t\t\t<\/div>\n\t\t\t\t<\/div>\n\t\t\t\t<\/div>\n\t\t\t\t<\/div>\n\t\t<div class=\"elementor-element elementor-element-4f353d3 e-flex e-con-boxed e-con e-parent\" data-id=\"4f353d3\" data-element_type=\"container\">\n\t\t\t\t\t<div class=\"e-con-inner\">\n\t\t<div class=\"elementor-element elementor-element-0b5421a e-con-full e-flex e-con e-child\" data-id=\"0b5421a\" data-element_type=\"container\" data-settings=\"{&quot;background_background&quot;:&quot;classic&quot;}\">\n\t\t\t\t<div class=\"elementor-element elementor-element-85c6183 elementor-widget elementor-widget-heading\" data-id=\"85c6183\" data-element_type=\"widget\" data-widget_type=\"heading.default\">\n\t\t\t\t<div class=\"elementor-widget-container\">\n\t\t\t<h2 class=\"elementor-heading-title elementor-size-default\">Exterior<\/h2>\t\t<\/div>\n\t\t\t\t<\/div>\n\t\t\t\t<\/div>\n\t\t<div class=\"elementor-element elementor-element-9dcef07 e-con-full e-flex e-con e-child\" data-id=\"9dcef07\" data-element_type=\"container\" data-settings=\"{&quot;background_background&quot;:&quot;classic&quot;}\">\n\t\t\t\t<div class=\"elementor-element elementor-element-cdb74f4 elementor-widget elementor-widget-heading\" data-id=\"cdb74f4\" data-element_type=\"widget\" data-widget_type=\"heading.default\">\n\t\t\t\t<div class=\"elementor-widget-container\">\n\t\t\t<h2 class=\"elementor-heading-title elementor-size-default\">Interior<\/h2>\t\t<\/div>\n\t\t\t\t<\/div>\n\t\t\t\t<\/div>\n\t\t<div class=\"elementor-element elementor-element-45254d6 e-con-full e-flex e-con e-child\" data-id=\"45254d6\" data-element_type=\"container\" data-settings=\"{&quot;background_background&quot;:&quot;classic&quot;}\">\n\t\t\t\t<div class=\"elementor-element elementor-element-727be81 elementor-widget elementor-widget-heading\" data-id=\"727be81\" data-element_type=\"widget\" data-widget_type=\"heading.default\">\n\t\t\t\t<div class=\"elementor-widget-container\">\n\t\t\t<h2 class=\"elementor-heading-title elementor-size-default\">Tarimas<\/h2>\t\t<\/div>\n\t\t\t\t<\/div>\n\t\t\t\t<\/div>\n\t\t\t\t\t<\/div>\n\t\t\t\t<\/div>\n\t\t<div class=\"elementor-element elementor-element-144c32e e-flex e-con-boxed e-con e-parent\" data-id=\"144c32e\" data-element_type=\"container\">\n\t\t\t\t\t<div class=\"e-con-inner\">\n\t\t<div class=\"elementor-element elementor-element-f48da40 e-con-full e-flex e-con e-child\" data-id=\"f48da40\" data-element_type=\"container\">\n\t\t\t\t<div class=\"elementor-element elementor-element-6cd5371 elementor-widget elementor-widget-elementskit-heading\" data-id=\"6cd5371\" data-element_type=\"widget\" data-widget_type=\"elementskit-heading.default\">\n\t\t\t\t<div class=\"elementor-widget-container\">\n\t\t\t<div class=\"ekit-wid-con\" ><div class=\"ekit-heading elementskit-section-title-wraper text_center   ekit_heading_tablet-   ekit_heading_mobile-text_center\"><h2 class=\"ekit-heading--title elementskit-section-title \">Inspiraci\u00f3n en cada paso<\/h2><h3 class=\"ekit-heading--subtitle elementskit-section-subtitle  \">\n\t\t\t\t\t\tLa pureza y calidad de las maderas n\u00f3rdicas en tu hogar\n\t\t\t\t\t<\/h3><div class=\"ekit_heading_separetor_wraper ekit_heading_elementskit-border-divider elementskit-style-long\"><div class=\"elementskit-border-divider elementskit-style-long\"><\/div><\/div><\/div><\/div>\t\t<\/div>\n\t\t\t\t<\/div>\n\t\t<div class=\"elementor-element elementor-element-6b05da6 e-con-full e-flex e-con e-child\" data-id=\"6b05da6\" data-element_type=\"container\">\n\t\t\t\t<div class=\"elementor-element elementor-element-ddd8058 elementor-widget elementor-widget-image\" data-id=\"ddd8058\" data-element_type=\"widget\" data-widget_type=\"image.default\">\n\t\t\t\t<div class=\"elementor-widget-container\">\n\t\t\t\t\t\t\t\t\t\t\t\t\t<img decoding=\"async\" width=\"800\" height=\"460\" src=\"https:\/\/nordikfloor.com\/wp-content\/uploads\/2024\/10\/parketti-tammiparketti-stone-wash-260-bg-980x564-copia.jpg\" class=\"attachment-large size-large wp-image-18\" alt=\"\" srcset=\"https:\/\/nordikfloor.com\/wp-content\/uploads\/2024\/10\/parketti-tammiparketti-stone-wash-260-bg-980x564-copia.jpg 980w, https:\/\/nordikfloor.com\/wp-content\/uploads\/2024\/10\/parketti-tammiparketti-stone-wash-260-bg-980x564-copia-300x173.jpg 300w, https:\/\/nordikfloor.com\/wp-content\/uploads\/2024\/10\/parketti-tammiparketti-stone-wash-260-bg-980x564-copia-768x442.jpg 768w\" sizes=\"(max-width: 800px) 100vw, 800px\" \/>\t\t\t\t\t\t\t\t\t\t\t\t\t<\/div>\n\t\t\t\t<\/div>\n\t\t\t\t<\/div>\n\t\t<div class=\"elementor-element elementor-element-82c8f8b e-con-full e-flex e-con e-child\" data-id=\"82c8f8b\" data-element_type=\"container\">\n\t\t\t\t<div class=\"elementor-element elementor-element-eb7273c elementor-widget elementor-widget-text-editor\" data-id=\"eb7273c\" data-element_type=\"widget\" data-widget_type=\"text-editor.default\">\n\t\t\t\t<div class=\"elementor-widget-container\">\n\t\t\t\t\t\t\t<p>En Nordik Floor, transformamos espacios con la belleza natural de los suelos de parquet de inspiraci\u00f3n n\u00f3rdica.<\/p><p>Ofrecemos maderas selectas de alta calidad que combinan elegancia y durabilidad, para crear ambientes \u00fanicos y acogedores en cada rinc\u00f3n de tu hogar.<\/p><p>Somos especialistas en suelos de parquet y tarimas de lujo, con un profundo respeto por la naturaleza y una pasi\u00f3n por la madera.<\/p>\t\t\t\t\t\t<\/div>\n\t\t\t\t<\/div>\n\t\t\t\t<\/div>\n\t\t<div class=\"elementor-element elementor-element-2860326 e-con-full e-flex e-con e-child\" data-id=\"2860326\" data-element_type=\"container\">\n\t\t\t\t<div class=\"elementor-element elementor-element-e928069 elementor-widget elementor-widget-text-editor\" data-id=\"e928069\" data-element_type=\"widget\" data-widget_type=\"text-editor.default\">\n\t\t\t\t<div class=\"elementor-widget-container\">\n\t\t\t\t\t\t\t<p>En Nordik Floor, seleccionamos maderas n\u00f3rdicas que se adaptan a cada estilo y espacio, garantizando un acabado impecable y un tacto acogedor.<\/p><p>Nuestra experiencia en el sector y la dedicaci\u00f3n a nuestros clientes nos posicionan como referentes en suelos exclusivos, dise\u00f1ados para durar y enamorar.<\/p><p>Conf\u00eda en Nordik Floor para dar calidez a las estancias de tu vida.<\/p>\t\t\t\t\t\t<\/div>\n\t\t\t\t<\/div>\n\t\t\t\t<\/div>\n\t\t<div class=\"elementor-element elementor-element-0eee00d e-con-full e-flex e-con e-child\" data-id=\"0eee00d\" data-element_type=\"container\">\n\t\t\t\t<div class=\"elementor-element elementor-element-9bf49ec elementor-widget elementor-widget-image\" data-id=\"9bf49ec\" data-element_type=\"widget\" data-widget_type=\"image.default\">\n\t\t\t\t<div class=\"elementor-widget-container\">\n\t\t\t\t\t\t\t\t\t\t\t\t\t<img decoding=\"async\" width=\"800\" height=\"442\" src=\"https:\/\/nordikfloor.com\/wp-content\/uploads\/2024\/11\/e89b14_72d447af80bf4bee98fd59965ec4f315mv2.webp\" class=\"attachment-large size-large wp-image-100\" alt=\"\" srcset=\"https:\/\/nordikfloor.com\/wp-content\/uploads\/2024\/11\/e89b14_72d447af80bf4bee98fd59965ec4f315mv2.webp 933w, https:\/\/nordikfloor.com\/wp-content\/uploads\/2024\/11\/e89b14_72d447af80bf4bee98fd59965ec4f315mv2-300x166.webp 300w, https:\/\/nordikfloor.com\/wp-content\/uploads\/2024\/11\/e89b14_72d447af80bf4bee98fd59965ec4f315mv2-768x424.webp 768w\" sizes=\"(max-width: 800px) 100vw, 800px\" \/>\t\t\t\t\t\t\t\t\t\t\t\t\t<\/div>\n\t\t\t\t<\/div>\n\t\t\t\t<\/div>\n\t\t\t\t<\/div>\n\t\t\t\t\t<\/div>\n\t\t\t\t<\/div>\n\t\t<div class=\"elementor-element elementor-element-07eba16 e-flex e-con-boxed e-con e-parent\" data-id=\"07eba16\" data-element_type=\"container\" data-settings=\"{&quot;background_background&quot;:&quot;classic&quot;}\">\n\t\t\t\t\t<div class=\"e-con-inner\">\n\t\t<div class=\"elementor-element elementor-element-ea88dea e-con-full e-flex e-con e-child\" data-id=\"ea88dea\" data-element_type=\"container\">\n\t\t\t\t<div class=\"elementor-element elementor-element-6c9f18e elementor-widget elementor-widget-elementskit-heading\" data-id=\"6c9f18e\" data-element_type=\"widget\" data-widget_type=\"elementskit-heading.default\">\n\t\t\t\t<div class=\"elementor-widget-container\">\n\t\t\t<div class=\"ekit-wid-con\" ><div class=\"ekit-heading elementskit-section-title-wraper center   ekit_heading_tablet-   ekit_heading_mobile-\"><h3 class=\"elementskit-section-subtitle  \">\n\t\t\t\t\t\tLa calidez de la madera que hace hogar\n\t\t\t\t\t<\/h3><h2 class=\"ekit-heading--title elementskit-section-title \">Suelos que marcan la diferencia<\/h2><\/div><\/div>\t\t<\/div>\n\t\t\t\t<\/div>\n\t\t\t\t<div class=\"elementor-element elementor-element-5fc545c elementor-widget elementor-widget-elementskit-button\" data-id=\"5fc545c\" data-element_type=\"widget\" data-widget_type=\"elementskit-button.default\">\n\t\t\t\t<div class=\"elementor-widget-container\">\n\t\t\t<div class=\"ekit-wid-con\" >\t\t<div class=\"ekit-btn-wraper\">\n\t\t\t\t\t\t\t<a href=\"mailto:info@nordikfloor.com\" class=\"elementskit-btn  whitespace--normal\" id=\"\">\n\t\t\t\t\tContacta\t\t\t\t<\/a>\n\t\t\t\t\t<\/div>\n        <\/div>\t\t<\/div>\n\t\t\t\t<\/div>\n\t\t\t\t<\/div>\n\t\t\t\t\t<\/div>\n\t\t\t\t<\/div>\n\t\t<div class=\"elementor-element elementor-element-7914602 e-flex e-con-boxed e-con e-parent\" data-id=\"7914602\" data-element_type=\"container\">\n\t\t\t\t\t<div class=\"e-con-inner\">\n\t\t\t\t<div class=\"elementor-element elementor-element-decce22 elementor-widget elementor-widget-elementskit-heading\" data-id=\"decce22\" data-element_type=\"widget\" data-widget_type=\"elementskit-heading.default\">\n\t\t\t\t<div class=\"elementor-widget-container\">\n\t\t\t<div class=\"ekit-wid-con\" ><div class=\"ekit-heading elementskit-section-title-wraper text_center   ekit_heading_tablet-   ekit_heading_mobile-text_center\"><h2 class=\"ekit-heading--title elementskit-section-title \">Servicios<\/h2><div class=\"ekit_heading_separetor_wraper ekit_heading_elementskit-border-divider elementskit-style-long\"><div class=\"elementskit-border-divider elementskit-style-long\"><\/div><\/div><\/div><\/div>\t\t<\/div>\n\t\t\t\t<\/div>\n\t\t\t\t\t<\/div>\n\t\t\t\t<\/div>\n\t\t<div class=\"elementor-element elementor-element-9c66bb6 e-flex e-con-boxed e-con e-parent\" data-id=\"9c66bb6\" data-element_type=\"container\">\n\t\t\t\t\t<div class=\"e-con-inner\">\n\t\t<div class=\"elementor-element elementor-element-d8cc2b9 e-con-full e-flex e-con e-child\" data-id=\"d8cc2b9\" data-element_type=\"container\" data-settings=\"{&quot;background_background&quot;:&quot;classic&quot;}\">\n\t\t\t\t<div class=\"elementor-element elementor-element-713e63d elementor-widget elementor-widget-heading\" data-id=\"713e63d\" data-element_type=\"widget\" data-widget_type=\"heading.default\">\n\t\t\t\t<div class=\"elementor-widget-container\">\n\t\t\t<h2 class=\"elementor-heading-title elementor-size-default\">Instalaci\u00f3n<\/h2>\t\t<\/div>\n\t\t\t\t<\/div>\n\t\t\t\t<\/div>\n\t\t<div class=\"elementor-element elementor-element-ed591f5 e-con-full e-flex e-con e-child\" data-id=\"ed591f5\" data-element_type=\"container\" data-settings=\"{&quot;background_background&quot;:&quot;classic&quot;}\">\n\t\t\t\t<div class=\"elementor-element elementor-element-6fac9e9 elementor-widget elementor-widget-heading\" data-id=\"6fac9e9\" data-element_type=\"widget\" data-widget_type=\"heading.default\">\n\t\t\t\t<div class=\"elementor-widget-container\">\n\t\t\t<h2 class=\"elementor-heading-title elementor-size-default\">Renovaci\u00f3n<\/h2>\t\t<\/div>\n\t\t\t\t<\/div>\n\t\t\t\t<\/div>\n\t\t<div class=\"elementor-element elementor-element-19356cd e-con-full e-flex e-con e-child\" data-id=\"19356cd\" data-element_type=\"container\" data-settings=\"{&quot;background_background&quot;:&quot;classic&quot;}\">\n\t\t\t\t<div class=\"elementor-element elementor-element-b83d145 elementor-widget elementor-widget-heading\" data-id=\"b83d145\" data-element_type=\"widget\" data-widget_type=\"heading.default\">\n\t\t\t\t<div class=\"elementor-widget-container\">\n\t\t\t<h2 class=\"elementor-heading-title elementor-size-default\">Mantenimiento<\/h2>\t\t<\/div>\n\t\t\t\t<\/div>\n\t\t\t\t<\/div>\n\t\t\t\t\t<\/div>\n\t\t\t\t<\/div>\n\t\t\t\t<\/div>\n\t\t","protected":false},"excerpt":{"rendered":"<p>LLamar Exterior Interior Tarimas Inspiraci\u00f3n en cada paso La pureza y calidad de las maderas n\u00f3rdicas en tu hogar En Nordik Floor, transformamos espacios con la belleza natural de los suelos de parquet de inspiraci\u00f3n n\u00f3rdica. Ofrecemos maderas selectas de alta calidad que combinan elegancia y durabilidad, para crear ambientes \u00fanicos y acogedores en cada [&hellip;]<\/p>\n","protected":false},"author":2,"featured_media":0,"parent":0,"menu_order":0,"comment_status":"closed","ping_status":"closed","template":"","meta":{"_joinchat":[],"footnotes":""},"class_list":["post-80","page","type-page","status-publish","hentry"],"_links":{"self":[{"href":"https:\/\/nordikfloor.com\/index.php\/wp-json\/wp\/v2\/pages\/80","targetHints":{"allow":["GET"]}}],"collection":[{"href":"https:\/\/nordikfloor.com\/index.php\/wp-json\/wp\/v2\/pages"}],"about":[{"href":"https:\/\/nordikfloor.com\/index.php\/wp-json\/wp\/v2\/types\/page"}],"author":[{"embeddable":true,"href":"https:\/\/nordikfloor.com\/index.php\/wp-json\/wp\/v2\/users\/2"}],"replies":[{"embeddable":true,"href":"https:\/\/nordikfloor.com\/index.php\/wp-json\/wp\/v2\/comments?post=80"}],"version-history":[{"count":103,"href":"https:\/\/nordikfloor.com\/index.php\/wp-json\/wp\/v2\/pages\/80\/revisions"}],"predecessor-version":[{"id":443,"href":"https:\/\/nordikfloor.com\/index.php\/wp-json\/wp\/v2\/pages\/80\/revisions\/443"}],"wp:attachment":[{"href":"https:\/\/nordikfloor.com\/index.php\/wp-json\/wp\/v2\/media?parent=80"}],"curies":[{"name":"wp","href":"https:\/\/api.w.org\/{rel}","templated":true}]}}